{"id":1318,"date":"2026-02-10T13:07:44","date_gmt":"2026-02-10T11:07:44","guid":{"rendered":"http:\/\/andresr.taiendkoolitused.ee\/home\/"},"modified":"2026-02-17T13:33:38","modified_gmt":"2026-02-17T11:33:38","slug":"avaleht","status":"publish","type":"page","link":"https:\/\/andresr.taiendkoolitused.ee\/et\/","title":{"rendered":"Avaleht"},"content":{"rendered":"<div data-elementor-type=\"wp-page\" data-elementor-id=\"1318\" class=\"elementor elementor-1318\">\n\t\t\t\t<div class=\"elementor-element elementor-element-9e1a3b7 e-flex e-con-boxed e-con e-parent\" data-id=\"9e1a3b7\" data-element_type=\"container\" data-e-type=\"container\" data-settings=\"{&quot;background_background&quot;:&quot;classic&quot;}\">\n\t\t\t\t\t<div class=\"e-con-inner\">\n\t\t<div class=\"elementor-element elementor-element-8f73ee5 e-con-full e-flex e-con e-child\" data-id=\"8f73ee5\" data-element_type=\"container\" data-e-type=\"container\">\n\t\t\t\t<div class=\"elementor-element elementor-element-4a02dab elementor-widget elementor-widget-heading\" data-id=\"4a02dab\" data-element_type=\"widget\" data-e-type=\"widget\" data-widget_type=\"heading.default\">\n\t\t\t\t<div class=\"elementor-widget-container\">\n\t\t\t\t\t<h1 class=\"elementor-heading-title elementor-size-default\">Arhitektuurib\u00fcroo<\/h1>\t\t\t\t<\/div>\n\t\t\t\t<\/div>\n\t\t\t\t<div class=\"elementor-element elementor-element-93873aa elementor-widget elementor-widget-heading\" data-id=\"93873aa\" data-element_type=\"widget\" data-e-type=\"widget\" data-widget_type=\"heading.default\">\n\t\t\t\t<div class=\"elementor-widget-container\">\n\t\t\t\t\t<h1 class=\"elementor-heading-title elementor-size-default\">Arhispatio O\u00dc<\/h1>\t\t\t\t<\/div>\n\t\t\t\t<\/div>\n\t\t\t\t<div class=\"elementor-element elementor-element-84e5af3 elementor-align-center elementor-widget elementor-widget-button\" data-id=\"84e5af3\" data-element_type=\"widget\" data-e-type=\"widget\" data-widget_type=\"button.default\">\n\t\t\t\t<div class=\"elementor-widget-container\">\n\t\t\t\t\t\t\t\t\t<div class=\"elementor-button-wrapper\">\n\t\t\t\t\t<a class=\"elementor-button elementor-button-link elementor-size-sm\" href=\"http:\/\/andresr.taiendkoolitused.ee\/et\/projektipank\/\">\n\t\t\t\t\t\t<span class=\"elementor-button-content-wrapper\">\n\t\t\t\t\t\t\t\t\t<span class=\"elementor-button-text\">Projektid<\/span>\n\t\t\t\t\t<\/span>\n\t\t\t\t\t<\/a>\n\t\t\t\t<\/div>\n\t\t\t\t\t\t\t\t<\/div>\n\t\t\t\t<\/div>\n\t\t\t\t<\/div>\n\t\t\t\t\t<\/div>\n\t\t\t\t<\/div>\n\t\t<div class=\"elementor-element elementor-element-c337457 e-flex e-con-boxed e-con e-parent\" data-id=\"c337457\" data-element_type=\"container\" data-e-type=\"container\">\n\t\t\t\t\t<div class=\"e-con-inner\">\n\t\t\t\t<div class=\"elementor-element elementor-element-0bed51a elementor-widget elementor-widget-heading\" data-id=\"0bed51a\" data-element_type=\"widget\" data-e-type=\"widget\" data-widget_type=\"heading.default\">\n\t\t\t\t<div class=\"elementor-widget-container\">\n\t\t\t\t\t<h2 class=\"elementor-heading-title elementor-size-default\">Hoonete ehitusprojektid ja arhitektuursed lahendused<\/h2>\t\t\t\t<\/div>\n\t\t\t\t<\/div>\n\t\t\t\t\t<\/div>\n\t\t\t\t<\/div>\n\t\t<div class=\"elementor-element elementor-element-6c3efeb e-flex e-con-boxed e-con e-parent\" data-id=\"6c3efeb\" data-element_type=\"container\" data-e-type=\"container\">\n\t\t\t\t\t<div class=\"e-con-inner\">\n\t\t<div class=\"elementor-element elementor-element-1f38fcf e-con-full e-flex e-con e-child\" data-id=\"1f38fcf\" data-element_type=\"container\" data-e-type=\"container\">\n\t\t\t\t<div class=\"elementor-element elementor-element-0a47bf0 elementor-widget elementor-widget-image\" data-id=\"0a47bf0\" data-element_type=\"widget\" data-e-type=\"widget\" data-widget_type=\"image.default\">\n\t\t\t\t<div class=\"elementor-widget-container\">\n\t\t\t\t\t\t\t\t\t\t\t\t\t\t\t\t<a href=\"http:\/\/andresr.taiendkoolitused.ee\/wp-content\/uploads\/2026\/02\/IMG_20240624_113520-scaled-e1770902303153.jpg\" data-elementor-open-lightbox=\"yes\" data-elementor-lightbox-title=\"img 20240624 113520\" data-e-action-hash=\"#elementor-action%3Aaction%3Dlightbox%26settings%3DeyJpZCI6MjQ4MywidXJsIjoiaHR0cHM6XC9cL2FuZHJlc3IudGFpZW5ka29vbGl0dXNlZC5lZVwvd3AtY29udGVudFwvdXBsb2Fkc1wvMjAyNlwvMDJcL0lNR18yMDI0MDYyNF8xMTM1MjAtc2NhbGVkLWUxNzcwOTAyMzAzMTUzLmpwZyJ9\">\n\t\t\t\t\t\t\t<img fetchpriority=\"high\" decoding=\"async\" width=\"1536\" height=\"1089\" src=\"https:\/\/andresr.taiendkoolitused.ee\/wp-content\/uploads\/2026\/02\/IMG_20240624_113520-scaled-e1770902303153-1536x1089.jpg\" class=\"attachment-1536x1536 size-1536x1536 wp-image-2483\" alt=\"img 20240624 113520\" srcset=\"https:\/\/andresr.taiendkoolitused.ee\/wp-content\/uploads\/2026\/02\/IMG_20240624_113520-scaled-e1770902303153-1536x1089.jpg 1536w, https:\/\/andresr.taiendkoolitused.ee\/wp-content\/uploads\/2026\/02\/IMG_20240624_113520-scaled-e1770902303153-300x213.jpg 300w, https:\/\/andresr.taiendkoolitused.ee\/wp-content\/uploads\/2026\/02\/IMG_20240624_113520-scaled-e1770902303153-1024x726.jpg 1024w, https:\/\/andresr.taiendkoolitused.ee\/wp-content\/uploads\/2026\/02\/IMG_20240624_113520-scaled-e1770902303153-768x544.jpg 768w, https:\/\/andresr.taiendkoolitused.ee\/wp-content\/uploads\/2026\/02\/IMG_20240624_113520-scaled-e1770902303153-2048x1452.jpg 2048w\" sizes=\"(max-width: 1536px) 100vw, 1536px\" title=\"Avaleht\">\t\t\t\t\t\t\t\t<\/a>\n\t\t\t\t\t\t\t\t\t\t\t\t\t\t\t<\/div>\n\t\t\t\t<\/div>\n\t\t\t\t<div class=\"elementor-element elementor-element-7ca7c4f elementor-mobile-align-center elementor-widget elementor-widget-button\" data-id=\"7ca7c4f\" data-element_type=\"widget\" data-e-type=\"widget\" data-widget_type=\"button.default\">\n\t\t\t\t<div class=\"elementor-widget-container\">\n\t\t\t\t\t\t\t\t\t<div class=\"elementor-button-wrapper\">\n\t\t\t\t\t<a class=\"elementor-button elementor-button-link elementor-size-sm\" href=\"http:\/\/andresr.taiendkoolitused.ee\/et\/projektipank\/\">\n\t\t\t\t\t\t<span class=\"elementor-button-content-wrapper\">\n\t\t\t\t\t\t\t\t\t<span class=\"elementor-button-text\">\u00dcksikelamud<\/span>\n\t\t\t\t\t<\/span>\n\t\t\t\t\t<\/a>\n\t\t\t\t<\/div>\n\t\t\t\t\t\t\t\t<\/div>\n\t\t\t\t<\/div>\n\t\t\t\t<\/div>\n\t\t<div class=\"elementor-element elementor-element-c319645 e-con-full e-flex e-con e-child\" data-id=\"c319645\" data-element_type=\"container\" data-e-type=\"container\">\n\t\t\t\t<div class=\"elementor-element elementor-element-eb5b806 elementor-widget elementor-widget-image\" data-id=\"eb5b806\" data-element_type=\"widget\" data-e-type=\"widget\" data-widget_type=\"image.default\">\n\t\t\t\t<div class=\"elementor-widget-container\">\n\t\t\t\t\t\t\t\t\t\t\t\t\t\t\t\t<a href=\"http:\/\/andresr.taiendkoolitused.ee\/wp-content\/uploads\/2026\/02\/IMG_20230218_100705_edit_8533258775259-scaled-e1770908598580.jpg\" data-elementor-open-lightbox=\"yes\" data-elementor-lightbox-title=\"dav\" data-e-action-hash=\"#elementor-action%3Aaction%3Dlightbox%26settings%3DeyJpZCI6MjQ4NCwidXJsIjoiaHR0cHM6XC9cL2FuZHJlc3IudGFpZW5ka29vbGl0dXNlZC5lZVwvd3AtY29udGVudFwvdXBsb2Fkc1wvMjAyNlwvMDJcL0lNR18yMDIzMDIxOF8xMDA3MDVfZWRpdF84NTMzMjU4Nzc1MjU5LXNjYWxlZC1lMTc3MDkwODU5ODU4MC5qcGcifQ%3D%3D\">\n\t\t\t\t\t\t\t<img decoding=\"async\" width=\"1024\" height=\"726\" src=\"https:\/\/andresr.taiendkoolitused.ee\/wp-content\/uploads\/2026\/02\/IMG_20230218_100705_edit_8533258775259-scaled-e1770908598580-1024x726.jpg\" class=\"attachment-large size-large wp-image-2484\" alt=\"dav\" srcset=\"https:\/\/andresr.taiendkoolitused.ee\/wp-content\/uploads\/2026\/02\/IMG_20230218_100705_edit_8533258775259-scaled-e1770908598580-1024x726.jpg 1024w, https:\/\/andresr.taiendkoolitused.ee\/wp-content\/uploads\/2026\/02\/IMG_20230218_100705_edit_8533258775259-scaled-e1770908598580-300x213.jpg 300w, https:\/\/andresr.taiendkoolitused.ee\/wp-content\/uploads\/2026\/02\/IMG_20230218_100705_edit_8533258775259-scaled-e1770908598580-768x544.jpg 768w, https:\/\/andresr.taiendkoolitused.ee\/wp-content\/uploads\/2026\/02\/IMG_20230218_100705_edit_8533258775259-scaled-e1770908598580-1536x1089.jpg 1536w, https:\/\/andresr.taiendkoolitused.ee\/wp-content\/uploads\/2026\/02\/IMG_20230218_100705_edit_8533258775259-scaled-e1770908598580-2048x1451.jpg 2048w\" sizes=\"(max-width: 1024px) 100vw, 1024px\" title=\"Avaleht\">\t\t\t\t\t\t\t\t<\/a>\n\t\t\t\t\t\t\t\t\t\t\t\t\t\t\t<\/div>\n\t\t\t\t<\/div>\n\t\t\t\t<div class=\"elementor-element elementor-element-f26dc91 elementor-mobile-align-center elementor-widget elementor-widget-button\" data-id=\"f26dc91\" data-element_type=\"widget\" data-e-type=\"widget\" data-widget_type=\"button.default\">\n\t\t\t\t<div class=\"elementor-widget-container\">\n\t\t\t\t\t\t\t\t\t<div class=\"elementor-button-wrapper\">\n\t\t\t\t\t<a class=\"elementor-button elementor-button-link elementor-size-sm\" href=\"http:\/\/andresr.taiendkoolitused.ee\/et\/projektipank\/\">\n\t\t\t\t\t\t<span class=\"elementor-button-content-wrapper\">\n\t\t\t\t\t\t\t\t\t<span class=\"elementor-button-text\">Kaksikelamud<\/span>\n\t\t\t\t\t<\/span>\n\t\t\t\t\t<\/a>\n\t\t\t\t<\/div>\n\t\t\t\t\t\t\t\t<\/div>\n\t\t\t\t<\/div>\n\t\t\t\t<\/div>\n\t\t<div class=\"elementor-element elementor-element-3d4b3e6 e-con-full e-flex e-con e-child\" data-id=\"3d4b3e6\" data-element_type=\"container\" data-e-type=\"container\">\n\t\t\t\t<div class=\"elementor-element elementor-element-3f02460 elementor-widget elementor-widget-image\" data-id=\"3f02460\" data-element_type=\"widget\" data-e-type=\"widget\" data-widget_type=\"image.default\">\n\t\t\t\t<div class=\"elementor-widget-container\">\n\t\t\t\t\t\t\t\t\t\t\t\t\t\t\t\t<a href=\"http:\/\/andresr.taiendkoolitused.ee\/wp-content\/uploads\/2026\/02\/IMG_20230218_100454-scaled-e1770908835816.jpg\" data-elementor-open-lightbox=\"yes\" data-elementor-lightbox-title=\"img 20230218 100454\" data-e-action-hash=\"#elementor-action%3Aaction%3Dlightbox%26settings%3DeyJpZCI6MjQ4MiwidXJsIjoiaHR0cHM6XC9cL2FuZHJlc3IudGFpZW5ka29vbGl0dXNlZC5lZVwvd3AtY29udGVudFwvdXBsb2Fkc1wvMjAyNlwvMDJcL0lNR18yMDIzMDIxOF8xMDA0NTQtc2NhbGVkLWUxNzcwOTA4ODM1ODE2LmpwZyJ9\">\n\t\t\t\t\t\t\t<img decoding=\"async\" width=\"1024\" height=\"724\" src=\"https:\/\/andresr.taiendkoolitused.ee\/wp-content\/uploads\/2026\/02\/IMG_20230218_100454-scaled-e1770908835816-1024x724.jpg\" class=\"attachment-large size-large wp-image-2482\" alt=\"img 20230218 100454\" srcset=\"https:\/\/andresr.taiendkoolitused.ee\/wp-content\/uploads\/2026\/02\/IMG_20230218_100454-scaled-e1770908835816-1024x724.jpg 1024w, https:\/\/andresr.taiendkoolitused.ee\/wp-content\/uploads\/2026\/02\/IMG_20230218_100454-scaled-e1770908835816-300x212.jpg 300w, https:\/\/andresr.taiendkoolitused.ee\/wp-content\/uploads\/2026\/02\/IMG_20230218_100454-scaled-e1770908835816-768x543.jpg 768w, https:\/\/andresr.taiendkoolitused.ee\/wp-content\/uploads\/2026\/02\/IMG_20230218_100454-scaled-e1770908835816-1536x1085.jpg 1536w, https:\/\/andresr.taiendkoolitused.ee\/wp-content\/uploads\/2026\/02\/IMG_20230218_100454-scaled-e1770908835816-2048x1447.jpg 2048w\" sizes=\"(max-width: 1024px) 100vw, 1024px\" title=\"Avaleht\">\t\t\t\t\t\t\t\t<\/a>\n\t\t\t\t\t\t\t\t\t\t\t\t\t\t\t<\/div>\n\t\t\t\t<\/div>\n\t\t\t\t<div class=\"elementor-element elementor-element-cb9d79e elementor-mobile-align-center elementor-widget elementor-widget-button\" data-id=\"cb9d79e\" data-element_type=\"widget\" data-e-type=\"widget\" data-widget_type=\"button.default\">\n\t\t\t\t<div class=\"elementor-widget-container\">\n\t\t\t\t\t\t\t\t\t<div class=\"elementor-button-wrapper\">\n\t\t\t\t\t<a class=\"elementor-button elementor-button-link elementor-size-sm\" href=\"http:\/\/andresr.taiendkoolitused.ee\/et\/projektipank\/\">\n\t\t\t\t\t\t<span class=\"elementor-button-content-wrapper\">\n\t\t\t\t\t\t\t\t\t<span class=\"elementor-button-text\">Ridaelamud<\/span>\n\t\t\t\t\t<\/span>\n\t\t\t\t\t<\/a>\n\t\t\t\t<\/div>\n\t\t\t\t\t\t\t\t<\/div>\n\t\t\t\t<\/div>\n\t\t\t\t<\/div>\n\t\t\t\t\t<\/div>\n\t\t\t\t<\/div>\n\t\t<div class=\"elementor-element elementor-element-15d46b0 e-flex e-con-boxed e-con e-parent\" data-id=\"15d46b0\" data-element_type=\"container\" data-e-type=\"container\">\n\t\t\t\t\t<div class=\"e-con-inner\">\n\t\t\t\t<div class=\"elementor-element elementor-element-375153b elementor-widget elementor-widget-heading\" data-id=\"375153b\" data-element_type=\"widget\" data-e-type=\"widget\" data-widget_type=\"heading.default\">\n\t\t\t\t<div class=\"elementor-widget-container\">\n\t\t\t\t\t<h2 class=\"elementor-heading-title elementor-size-default\">Pakume arhitektuuriteenust \u00fcle Eesti,  fookusega P\u00e4rnumaal ja Harjumaal<\/h2>\t\t\t\t<\/div>\n\t\t\t\t<\/div>\n\t\t\t\t\t<\/div>\n\t\t\t\t<\/div>\n\t\t<div class=\"elementor-element elementor-element-71fd2be e-flex e-con-boxed e-con e-parent\" data-id=\"71fd2be\" data-element_type=\"container\" data-e-type=\"container\">\n\t\t\t\t\t<div class=\"e-con-inner\">\n\t\t\t\t<div class=\"elementor-element elementor-element-3fde7be elementor-widget elementor-widget-heading\" data-id=\"3fde7be\" data-element_type=\"widget\" data-e-type=\"widget\" data-widget_type=\"heading.default\">\n\t\t\t\t<div class=\"elementor-widget-container\">\n\t\t\t\t\t<h2 class=\"elementor-heading-title elementor-size-default\">Meie peamised teenused<\/h2>\t\t\t\t<\/div>\n\t\t\t\t<\/div>\n\t\t\t\t\t<\/div>\n\t\t\t\t<\/div>\n\t\t<div class=\"elementor-element elementor-element-76f85d9 e-flex e-con-boxed e-con e-parent\" data-id=\"76f85d9\" data-element_type=\"container\" data-e-type=\"container\">\n\t\t\t\t\t<div class=\"e-con-inner\">\n\t\t\t\t<div class=\"elementor-element elementor-element-c09413a elementor-widget elementor-widget-text-editor\" data-id=\"c09413a\" data-element_type=\"widget\" data-e-type=\"widget\" data-widget_type=\"text-editor.default\">\n\t\t\t\t<div class=\"elementor-widget-container\">\n\t\t\t\t\t\t\t\t\t<h3>Arhitektuurne projekteerimine<\/h3><h3>3D visualiseerimine<\/h3><h3>T\u00fc\u00fcpprojektide m\u00fc\u00fck<\/h3><h3>Autorij\u00e4relevalve<\/h3><h3>Arhitektuurialane konsultatsioon<\/h3><h3>Projekteerimistingimuste ja ehitusloa taotlemine<\/h3>\t\t\t\t\t\t\t\t<\/div>\n\t\t\t\t<\/div>\n\t\t\t\t\t<\/div>\n\t\t\t\t<\/div>\n\t\t<div class=\"elementor-element elementor-element-8d80d97 e-flex e-con-boxed e-con e-parent\" data-id=\"8d80d97\" data-element_type=\"container\" data-e-type=\"container\">\n\t\t\t\t\t<div class=\"e-con-inner\">\n\t\t\t\t<div class=\"elementor-element elementor-element-c1994fc elementor-align-center elementor-widget elementor-widget-button\" data-id=\"c1994fc\" data-element_type=\"widget\" data-e-type=\"widget\" data-widget_type=\"button.default\">\n\t\t\t\t<div class=\"elementor-widget-container\">\n\t\t\t\t\t\t\t\t\t<div class=\"elementor-button-wrapper\">\n\t\t\t\t\t<a class=\"elementor-button elementor-button-link elementor-size-sm\" href=\"http:\/\/andresr.taiendkoolitused.ee\/et\/teenused\/\">\n\t\t\t\t\t\t<span class=\"elementor-button-content-wrapper\">\n\t\t\t\t\t\t\t\t\t<span class=\"elementor-button-text\">Tutvu teenustega<\/span>\n\t\t\t\t\t<\/span>\n\t\t\t\t\t<\/a>\n\t\t\t\t<\/div>\n\t\t\t\t\t\t\t\t<\/div>\n\t\t\t\t<\/div>\n\t\t\t\t\t<\/div>\n\t\t\t\t<\/div>\n\t\t\t\t<\/div>","protected":false},"excerpt":{"rendered":"<p>Arhitektuurib\u00fcroo Arhispatio O\u00dc Projektid Hoonete ehitusprojektid ja arhitektuursed lahendused \u00dcksikelamud Kaksikelamud Ridaelamud Pakume arhitektuuriteenust \u00fcle Eesti, fookusega P\u00e4rnumaal ja Harjumaal Meie peamised teenused Arhitektuurne projekteerimine 3D visualiseerimine T\u00fc\u00fcpprojektide m\u00fc\u00fck Autorij\u00e4relevalve Arhitektuurialane konsultatsioon Projekteerimistingimuste ja ehitusloa taotlemine Tutvu teenustega<\/p>","protected":false},"author":1,"featured_media":0,"parent":0,"menu_order":0,"comment_status":"closed","ping_status":"closed","template":"","meta":{"site-sidebar-layout":"no-sidebar","site-content-layout":"page-builder","ast-site-content-layout":"default","site-content-style":"default","site-sidebar-style":"default","ast-global-header-display":"","ast-banner-title-visibility":"","ast-main-header-display":"","ast-hfb-above-header-display":"","ast-hfb-below-header-display":"","ast-hfb-mobile-header-display":"","site-post-title":"disabled","ast-breadcrumbs-content":"","ast-featured-img":"disabled","footer-sml-layout":"","ast-disable-related-posts":"","theme-transparent-header-meta":"enabled","adv-header-id-meta":"","stick-header-meta":"","header-above-stick-meta":"","header-main-stick-meta":"","header-below-stick-meta":"","astra-migrate-meta-layouts":"default","ast-page-background-enabled":"default","ast-page-background-meta":{"desktop":{"background-color":"var(--ast-global-color-4)","background-image":"","background-repeat":"repeat","background-position":"center center","background-size":"auto","background-attachment":"scroll","background-type":"","background-media":"","overlay-type":"","overlay-color":"","overlay-opacity":"","overlay-gradient":""},"tablet":{"background-color":"","background-image":"","background-repeat":"repeat","background-position":"center center","background-size":"auto","background-attachment":"scroll","background-type":"","background-media":"","overlay-type":"","overlay-color":"","overlay-opacity":"","overlay-gradient":""},"mobile":{"background-color":"","background-image":"","background-repeat":"repeat","background-position":"center center","background-size":"auto","background-attachment":"scroll","background-type":"","background-media":"","overlay-type":"","overlay-color":"","overlay-opacity":"","overlay-gradient":""}},"ast-content-background-meta":{"desktop":{"background-color":"var(--ast-global-color-5)","background-image":"","background-repeat":"repeat","background-position":"center center","background-size":"auto","background-attachment":"scroll","background-type":"","background-media":"","overlay-type":"","overlay-color":"","overlay-opacity":"","overlay-gradient":""},"tablet":{"background-color":"var(--ast-global-color-5)","background-image":"","background-repeat":"repeat","background-position":"center center","background-size":"auto","background-attachment":"scroll","background-type":"","background-media":"","overlay-type":"","overlay-color":"","overlay-opacity":"","overlay-gradient":""},"mobile":{"background-color":"var(--ast-global-color-5)","background-image":"","background-repeat":"repeat","background-position":"center center","background-size":"auto","background-attachment":"scroll","background-type":"","background-media":"","overlay-type":"","overlay-color":"","overlay-opacity":"","overlay-gradient":""}},"footnotes":""},"class_list":["post-1318","page","type-page","status-publish","hentry"],"_links":{"self":[{"href":"https:\/\/andresr.taiendkoolitused.ee\/et\/wp-json\/wp\/v2\/pages\/1318","targetHints":{"allow":["GET"]}}],"collection":[{"href":"https:\/\/andresr.taiendkoolitused.ee\/et\/wp-json\/wp\/v2\/pages"}],"about":[{"href":"https:\/\/andresr.taiendkoolitused.ee\/et\/wp-json\/wp\/v2\/types\/page"}],"author":[{"embeddable":true,"href":"https:\/\/andresr.taiendkoolitused.ee\/et\/wp-json\/wp\/v2\/users\/1"}],"replies":[{"embeddable":true,"href":"https:\/\/andresr.taiendkoolitused.ee\/et\/wp-json\/wp\/v2\/comments?post=1318"}],"version-history":[{"count":5,"href":"https:\/\/andresr.taiendkoolitused.ee\/et\/wp-json\/wp\/v2\/pages\/1318\/revisions"}],"predecessor-version":[{"id":2867,"href":"https:\/\/andresr.taiendkoolitused.ee\/et\/wp-json\/wp\/v2\/pages\/1318\/revisions\/2867"}],"wp:attachment":[{"href":"https:\/\/andresr.taiendkoolitused.ee\/et\/wp-json\/wp\/v2\/media?parent=1318"}],"curies":[{"name":"wp","href":"https:\/\/api.w.org\/{rel}","templated":true}]}}