{"id":14,"date":"2026-02-10T13:07:44","date_gmt":"2026-02-10T11:07:44","guid":{"rendered":"http:\/\/andresr.taiendkoolitused.ee\/about\/"},"modified":"2026-02-17T13:57:07","modified_gmt":"2026-02-17T11:57:07","slug":"meist","status":"publish","type":"page","link":"https:\/\/andresr.taiendkoolitused.ee\/et\/meist\/","title":{"rendered":"Meist"},"content":{"rendered":"<div data-elementor-type=\"wp-page\" data-elementor-id=\"14\" class=\"elementor elementor-14\">\n\t\t\t\t<div class=\"elementor-element elementor-element-dcfb448 e-flex e-con-boxed e-con e-parent\" data-id=\"dcfb448\" data-element_type=\"container\" data-e-type=\"container\" data-settings=\"{&quot;background_background&quot;:&quot;classic&quot;}\">\n\t\t\t\t\t<div class=\"e-con-inner\">\n\t\t<div class=\"elementor-element elementor-element-d21b7e0 e-flex e-con-boxed e-con e-child\" data-id=\"d21b7e0\" data-element_type=\"container\" data-e-type=\"container\">\n\t\t\t\t\t<div class=\"e-con-inner\">\n\t\t\t\t<div class=\"elementor-element elementor-element-e9fd9dc elementor-widget elementor-widget-heading\" data-id=\"e9fd9dc\" data-element_type=\"widget\" data-e-type=\"widget\" data-widget_type=\"heading.default\">\n\t\t\t\t<div class=\"elementor-widget-container\">\n\t\t\t\t\t<h1 class=\"elementor-heading-title elementor-size-default\">Kes me oleme?<\/h1>\t\t\t\t<\/div>\n\t\t\t\t<\/div>\n\t\t\t\t\t<\/div>\n\t\t\t\t<\/div>\n\t\t\t\t\t<\/div>\n\t\t\t\t<\/div>\n\t\t<div class=\"elementor-element elementor-element-500861b e-flex e-con-boxed e-con e-parent\" data-id=\"500861b\" data-element_type=\"container\" data-e-type=\"container\">\n\t\t\t\t\t<div class=\"e-con-inner\">\n\t\t<div class=\"elementor-element elementor-element-7dbc6fb e-con-full e-flex e-con e-child\" data-id=\"7dbc6fb\" data-element_type=\"container\" data-e-type=\"container\">\n\t\t\t\t<div class=\"elementor-element elementor-element-6658dc9 elementor-widget elementor-widget-heading\" data-id=\"6658dc9\" data-element_type=\"widget\" data-e-type=\"widget\" data-widget_type=\"heading.default\">\n\t\t\t\t<div class=\"elementor-widget-container\">\n\t\t\t\t\t<h4 class=\"elementor-heading-title elementor-size-default\">Arhispatio O\u00dc arhitektuurib\u00fcroo loodi 2026.a,  eesm\u00e4rgiga pakkuda kliendile parimat ruumikogemust. Loome arhitektuuri, mis koondab funktsionaalsuse, esteetika, praktilisuse ja keskkonnateadlikkuse. <\/h4>\t\t\t\t<\/div>\n\t\t\t\t<\/div>\n\t\t<div class=\"elementor-element elementor-element-51b695b e-flex e-con-boxed e-con e-child\" data-id=\"51b695b\" data-element_type=\"container\" data-e-type=\"container\">\n\t\t\t\t\t<div class=\"e-con-inner\">\n\t\t<div class=\"elementor-element elementor-element-bda37a0 e-flex e-con-boxed e-con e-child\" data-id=\"bda37a0\" data-element_type=\"container\" data-e-type=\"container\">\n\t\t\t\t\t<div class=\"e-con-inner\">\n\t\t\t\t<div class=\"elementor-element elementor-element-1078e9d elementor-widget elementor-widget-hfe-infocard\" data-id=\"1078e9d\" data-element_type=\"widget\" data-e-type=\"widget\" data-widget_type=\"hfe-infocard.default\">\n\t\t\t\t<div class=\"elementor-widget-container\">\n\t\t\t\t\t\n\t\t<div class=\"hfe-infocard\">\n\t\t\t\t\t\t\t\t\t<div class=\"hfe-infocard-title-wrap\">\n\t\t\t\t<h3 class=\"hfe-infocard-title elementor-inline-editing\" data-elementor-setting-key=\"infocard_title\" data-elementor-inline-editing-toolbar=\"basic\" >Missioon<\/h3>\t\t\t<\/div>\n\t\t\t\t\t\t<div class=\"hfe-infocard-text-wrap\">\n\t\t\t\t<div class=\"hfe-infocard-text elementor-inline-editing\" data-elementor-setting-key=\"infocard_description\" data-elementor-inline-editing-toolbar=\"advanced\">\n\t\t\t\t\t<p>...on luua parem maailm, mis arvestab tulevaste p\u00f5lvkondade vajadustega<\/p>\t\t\t\t<\/div>\n\t\t\t\t\t\t\t<\/div>\n\t\t<\/div>\n\n\t\t\t\t\t\t<\/div>\n\t\t\t\t<\/div>\n\t\t\t\t\t<\/div>\n\t\t\t\t<\/div>\n\t\t<div class=\"elementor-element elementor-element-8c3d36e e-flex e-con-boxed e-con e-child\" data-id=\"8c3d36e\" data-element_type=\"container\" data-e-type=\"container\">\n\t\t\t\t\t<div class=\"e-con-inner\">\n\t\t\t\t<div class=\"elementor-element elementor-element-dc17847 elementor-widget elementor-widget-hfe-infocard\" data-id=\"dc17847\" data-element_type=\"widget\" data-e-type=\"widget\" data-widget_type=\"hfe-infocard.default\">\n\t\t\t\t<div class=\"elementor-widget-container\">\n\t\t\t\t\t\n\t\t<div class=\"hfe-infocard\">\n\t\t\t\t\t\t\t\t\t<div class=\"hfe-infocard-title-wrap\">\n\t\t\t\t<h3 class=\"hfe-infocard-title elementor-inline-editing\" data-elementor-setting-key=\"infocard_title\" data-elementor-inline-editing-toolbar=\"basic\" >V\u00e4\u00e4rtused<\/h3>\t\t\t<\/div>\n\t\t\t\t\t\t<div class=\"hfe-infocard-text-wrap\">\n\t\t\t\t<div class=\"hfe-infocard-text elementor-inline-editing\" data-elementor-setting-key=\"infocard_description\" data-elementor-inline-editing-toolbar=\"advanced\">\n\t\t\t\t\t<p>...on inimkeskne ruumiloome, funktsionaalsus, esteetiline tundlikkus, paindlikkus, modulaarsus, loovus ja keskkonnas\u00e4\u00e4stlikkus<\/p>\t\t\t\t<\/div>\n\t\t\t\t\t\t\t<\/div>\n\t\t<\/div>\n\n\t\t\t\t\t\t<\/div>\n\t\t\t\t<\/div>\n\t\t\t\t\t<\/div>\n\t\t\t\t<\/div>\n\t\t\t\t\t<\/div>\n\t\t\t\t<\/div>\n\t\t\t\t<\/div>\n\t\t\t\t\t<\/div>\n\t\t\t\t<\/div>\n\t\t<div class=\"elementor-element elementor-element-d27faa9 e-flex e-con-boxed e-con e-parent\" data-id=\"d27faa9\" data-element_type=\"container\" data-e-type=\"container\">\n\t\t\t\t\t<div class=\"e-con-inner\">\n\t\t\t\t<div class=\"elementor-element elementor-element-c740041 elementor-widget elementor-widget-image\" data-id=\"c740041\" data-element_type=\"widget\" data-e-type=\"widget\" data-widget_type=\"image.default\">\n\t\t\t\t<div class=\"elementor-widget-container\">\n\t\t\t\t\t\t\t\t\t\t\t\t\t\t\t<img fetchpriority=\"high\" decoding=\"async\" width=\"225\" height=\"300\" src=\"https:\/\/andresr.taiendkoolitused.ee\/wp-content\/uploads\/2026\/02\/1770745145968-225x300.jpg\" class=\"attachment-medium size-medium wp-image-2317\" alt=\"1770745145968\" srcset=\"https:\/\/andresr.taiendkoolitused.ee\/wp-content\/uploads\/2026\/02\/1770745145968-225x300.jpg 225w, https:\/\/andresr.taiendkoolitused.ee\/wp-content\/uploads\/2026\/02\/1770745145968-768x1024.jpg 768w, https:\/\/andresr.taiendkoolitused.ee\/wp-content\/uploads\/2026\/02\/1770745145968-1152x1536.jpg 1152w, https:\/\/andresr.taiendkoolitused.ee\/wp-content\/uploads\/2026\/02\/1770745145968-1536x2048.jpg 1536w, https:\/\/andresr.taiendkoolitused.ee\/wp-content\/uploads\/2026\/02\/1770745145968-scaled.jpg 1920w\" sizes=\"(max-width: 225px) 100vw, 225px\" title=\"Meist\">\t\t\t\t\t\t\t\t\t\t\t\t\t\t\t<\/div>\n\t\t\t\t<\/div>\n\t\t\t\t\t<\/div>\n\t\t\t\t<\/div>\n\t\t<div class=\"elementor-element elementor-element-0ae97ec e-flex e-con-boxed e-con e-parent\" data-id=\"0ae97ec\" data-element_type=\"container\" data-e-type=\"container\">\n\t\t\t\t\t<div class=\"e-con-inner\">\n\t\t\t\t<div class=\"elementor-element elementor-element-dbdce4b elementor-widget elementor-widget-text-editor\" data-id=\"dbdce4b\" data-element_type=\"widget\" data-e-type=\"widget\" data-widget_type=\"text-editor.default\">\n\t\t\t\t<div class=\"elementor-widget-container\">\n\t\t\t\t\t\t\t\t\t<p>Andres Rihe<\/p>\n<p>Diplomeeritud arhitekt, tase 7<\/p>\t\t\t\t\t\t\t\t<\/div>\n\t\t\t\t<\/div>\n\t\t\t\t\t<\/div>\n\t\t\t\t<\/div>\n\t\t<div class=\"elementor-element elementor-element-91db03f e-flex e-con-boxed e-con e-parent\" data-id=\"91db03f\" data-element_type=\"container\" data-e-type=\"container\">\n\t\t\t\t\t<div class=\"e-con-inner\">\n\t\t<div class=\"elementor-element elementor-element-68131b7 e-con-full e-flex e-con e-child\" data-id=\"68131b7\" data-element_type=\"container\" data-e-type=\"container\">\n\t\t\t\t<div class=\"elementor-element elementor-element-335afce elementor-widget elementor-widget-text-editor\" data-id=\"335afce\" data-element_type=\"widget\" data-e-type=\"widget\" data-widget_type=\"text-editor.default\">\n\t\t\t\t<div class=\"elementor-widget-container\">\n\t\t\t\t\t\t\t\t\t<h3 class=\"hfe-infocard-title elementor-inline-editing pen\" contenteditable=\"true\" data-elementor-setting-key=\"infocard_title\" data-elementor-inline-editing-toolbar=\"basic\" data-pen-placeholder=\"Type Here...\">T\u00f6\u00f6kogemus<\/h3><div class=\"border-b last:border-b-0 border-b-gray-100 pb-7.5 last:pb-0\"><p><span style=\"font-size: 16px;\">Arhitekt<\/span><\/p><div class=\"flex flex-col gap-7.5\"><div><div class=\"break-words\"><span style=\"font-size: 16px;\">Conarte O\u00dc\u00a0<\/span><\/div><\/div><div><div class=\"flex flex-col gap-1 pb-4\"><div class=\"text-gray-500\">2015 &#8211; 2023\u00a0<\/div><\/div><div class=\"break-words\">\u00a0<\/div><\/div><div><div class=\"flex flex-col gap-1 pb-4\"><div class=\"font-bold text-lg\">Detailplaneeringute arhitekt<\/div><div><span class=\"font-semibold\">Tallinna Linnaplaneerimise Amet\u00a0<\/span><\/div><div class=\"text-gray-500\">2008 &#8211; 2014<\/div><\/div><div class=\"break-words\">\u00a0<\/div><\/div><div><div class=\"flex flex-col gap-1 pb-4\"><div class=\"font-bold text-lg\">Arhitekt<\/div><div><span class=\"font-semibold\">Kaitsej\u00f5udude Peastaap\/Kaitsev\u00e4e Logistikakeskus\u00a0<\/span><\/div><div class=\"text-gray-500\">2002 &#8211; 2008\u00a0<\/div><\/div><div class=\"break-words\">\u00a0<\/div><\/div><div><div class=\"flex flex-col gap-1 pb-4\"><div class=\"font-bold text-lg\">Arhitekt<\/div><div><span class=\"font-semibold\">ETP Grupp<\/span><\/div><div class=\"text-gray-500\">2001 &#8211; 2002<\/div><\/div><\/div><\/div><\/div>\t\t\t\t\t\t\t\t<\/div>\n\t\t\t\t<\/div>\n\t\t\t\t<\/div>\n\t\t<div class=\"elementor-element elementor-element-8dccb90 e-con-full e-flex e-con e-child\" data-id=\"8dccb90\" data-element_type=\"container\" data-e-type=\"container\">\n\t\t\t\t<div class=\"elementor-element elementor-element-623651e elementor-widget elementor-widget-text-editor\" data-id=\"623651e\" data-element_type=\"widget\" data-e-type=\"widget\" data-widget_type=\"text-editor.default\">\n\t\t\t\t<div class=\"elementor-widget-container\">\n\t\t\t\t\t\t\t\t\t<h3 class=\"hfe-infocard-title elementor-inline-editing pen\" contenteditable=\"true\" data-elementor-setting-key=\"infocard_title\" data-elementor-inline-editing-toolbar=\"basic\" data-pen-placeholder=\"Type Here...\">Haridus<\/h3><p><span style=\"font-size: 16px;\">Eesti Kunstiakadeemia\u00a0<\/span><\/p><div class=\"flex flex-col gap-7.5\"><div class=\"flex flex-col gap-1\"><div>Arhitektuur ja linnaplaneerimine \/ Magistrikraad<\/div><div class=\"text-gray-500\">2023 &#8211; 2025<\/div><div>\u00a0<\/div><\/div><div class=\"flex flex-col gap-1\"><div class=\"font-bold\">Tallinna Tehnikak\u00f5rgkool\u00a0<\/div><div>Arhitektuur \/ Diplom<\/div><div class=\"text-gray-500\">1997 &#8211; 2001<\/div><div>\u00a0<\/div><\/div><div class=\"flex flex-col gap-1\"><div class=\"font-bold\">P\u00e4rnu S\u00fctevaka Humanitaarg\u00fcmnaasium\u00a0<\/div><div class=\"text-gray-500\">1994 &#8211; 1997<\/div><\/div><\/div>\t\t\t\t\t\t\t\t<\/div>\n\t\t\t\t<\/div>\n\t\t\t\t<\/div>\n\t\t\t\t\t<\/div>\n\t\t\t\t<\/div>\n\t\t<div class=\"elementor-element elementor-element-e5e6e0a e-flex e-con-boxed e-con e-parent\" data-id=\"e5e6e0a\" data-element_type=\"container\" data-e-type=\"container\">\n\t\t\t\t\t<div class=\"e-con-inner\">\n\t\t\t\t<div class=\"elementor-element elementor-element-c49a73f elementor-align-center elementor-widget elementor-widget-button\" data-id=\"c49a73f\" data-element_type=\"widget\" data-e-type=\"widget\" data-widget_type=\"button.default\">\n\t\t\t\t<div class=\"elementor-widget-container\">\n\t\t\t\t\t\t\t\t\t<div class=\"elementor-button-wrapper\">\n\t\t\t\t\t<a class=\"elementor-button elementor-button-link elementor-size-sm\" href=\"http:\/\/andresr.taiendkoolitused.ee\/et\/kontakt\/\">\n\t\t\t\t\t\t<span class=\"elementor-button-content-wrapper\">\n\t\t\t\t\t\t\t\t\t<span class=\"elementor-button-text\">Kontakt<\/span>\n\t\t\t\t\t<\/span>\n\t\t\t\t\t<\/a>\n\t\t\t\t<\/div>\n\t\t\t\t\t\t\t\t<\/div>\n\t\t\t\t<\/div>\n\t\t\t\t\t<\/div>\n\t\t\t\t<\/div>\n\t\t\t\t<\/div>","protected":false},"excerpt":{"rendered":"<p>Kes me oleme? Arhispatio O\u00dc arhitektuurib\u00fcroo loodi 2026.a, eesm\u00e4rgiga pakkuda kliendile parimat ruumikogemust. Loome arhitektuuri, mis koondab funktsionaalsuse, esteetika, praktilisuse ja keskkonnateadlikkuse. Missioon &#8230;on luua parem maailm, mis arvestab tulevaste p\u00f5lvkondade vajadustega V\u00e4\u00e4rtused &#8230;on inimkeskne ruumiloome, funktsionaalsus, esteetiline tundlikkus, paindlikkus, modulaarsus, loovus ja keskkonnas\u00e4\u00e4stlikkus Andres Rihe Diplomeeritud arhitekt, tase 7 T\u00f6\u00f6kogemus Arhitekt Conarte O\u00dc\u00a02015 &#8211; [&hellip;]<\/p>\n","protected":false},"author":1,"featured_media":0,"parent":0,"menu_order":0,"comment_status":"closed","ping_status":"closed","template":"","meta":{"site-sidebar-layout":"no-sidebar","site-content-layout":"page-builder","ast-site-content-layout":"full-width-container","site-content-style":"unboxed","site-sidebar-style":"unboxed","ast-global-header-display":"","ast-banner-title-visibility":"","ast-main-header-display":"","ast-hfb-above-header-display":"","ast-hfb-below-header-display":"","ast-hfb-mobile-header-display":"","site-post-title":"disabled","ast-breadcrumbs-content":"","ast-featured-img":"disabled","footer-sml-layout":"","ast-disable-related-posts":"","theme-transparent-header-meta":"enabled","adv-header-id-meta":"","stick-header-meta":"","header-above-stick-meta":"","header-main-stick-meta":"","header-below-stick-meta":"","astra-migrate-meta-layouts":"set","ast-page-background-enabled":"default","ast-page-background-meta":{"desktop":{"background-color":"var(--ast-global-color-4)","background-image":"","background-repeat":"repeat","background-position":"center center","background-size":"auto","background-attachment":"scroll","background-type":"","background-media":"","overlay-type":"","overlay-color":"","overlay-opacity":"","overlay-gradient":""},"tablet":{"background-color":"","background-image":"","background-repeat":"repeat","background-position":"center center","background-size":"auto","background-attachment":"scroll","background-type":"","background-media":"","overlay-type":"","overlay-color":"","overlay-opacity":"","overlay-gradient":""},"mobile":{"background-color":"","background-image":"","background-repeat":"repeat","background-position":"center center","background-size":"auto","background-attachment":"scroll","background-type":"","background-media":"","overlay-type":"","overlay-color":"","overlay-opacity":"","overlay-gradient":""}},"ast-content-background-meta":{"desktop":{"background-color":"var(--ast-global-color-5)","background-image":"","background-repeat":"repeat","background-position":"center center","background-size":"auto","background-attachment":"scroll","background-type":"","background-media":"","overlay-type":"","overlay-color":"","overlay-opacity":"","overlay-gradient":""},"tablet":{"background-color":"var(--ast-global-color-5)","background-image":"","background-repeat":"repeat","background-position":"center center","background-size":"auto","background-attachment":"scroll","background-type":"","background-media":"","overlay-type":"","overlay-color":"","overlay-opacity":"","overlay-gradient":""},"mobile":{"background-color":"var(--ast-global-color-5)","background-image":"","background-repeat":"repeat","background-position":"center center","background-size":"auto","background-attachment":"scroll","background-type":"","background-media":"","overlay-type":"","overlay-color":"","overlay-opacity":"","overlay-gradient":""}},"footnotes":""},"class_list":["post-14","page","type-page","status-publish","hentry"],"_links":{"self":[{"href":"https:\/\/andresr.taiendkoolitused.ee\/et\/wp-json\/wp\/v2\/pages\/14","targetHints":{"allow":["GET"]}}],"collection":[{"href":"https:\/\/andresr.taiendkoolitused.ee\/et\/wp-json\/wp\/v2\/pages"}],"about":[{"href":"https:\/\/andresr.taiendkoolitused.ee\/et\/wp-json\/wp\/v2\/types\/page"}],"author":[{"embeddable":true,"href":"https:\/\/andresr.taiendkoolitused.ee\/et\/wp-json\/wp\/v2\/users\/1"}],"replies":[{"embeddable":true,"href":"https:\/\/andresr.taiendkoolitused.ee\/et\/wp-json\/wp\/v2\/comments?post=14"}],"version-history":[{"count":5,"href":"https:\/\/andresr.taiendkoolitused.ee\/et\/wp-json\/wp\/v2\/pages\/14\/revisions"}],"predecessor-version":[{"id":2869,"href":"https:\/\/andresr.taiendkoolitused.ee\/et\/wp-json\/wp\/v2\/pages\/14\/revisions\/2869"}],"wp:attachment":[{"href":"https:\/\/andresr.taiendkoolitused.ee\/et\/wp-json\/wp\/v2\/media?parent=14"}],"curies":[{"name":"wp","href":"https:\/\/api.w.org\/{rel}","templated":true}]}}